{"id":134,"date":"2026-02-18T04:39:53","date_gmt":"2026-02-18T04:39:53","guid":{"rendered":"https:\/\/adsmove.store\/product\/passives-einkommen-mit-amazon-kdp\/"},"modified":"2026-02-18T17:10:30","modified_gmt":"2026-02-18T17:10:30","slug":"passives-einkommen-mit-amazon-kdp","status":"publish","type":"product","link":"https:\/\/adsmove.store\/de\/produkt\/passives-einkommen-mit-amazon-kdp\/","title":{"rendered":"Passives Einkommen mit Amazon KDP"},"content":{"rendered":"\n<p>\ud83d\udcbb Du willst Geld verdienen \u2013 von zu Hause aus, ohne dich st\u00e4ndig zeigen zu m\u00fcssen?<\/p>\n\n\n\n<p>Dann bist du nicht allein.<\/p>\n\n\n\n<p>Viele w\u00fcnschen sich ein zus\u00e4tzliches Einkommen \u2013 aber bitte ohne Kamerastress, st\u00e4ndige Selbstdarstellung oder gro\u00dfes Startkapital.<\/p>\n\n\n\n<p>Was viele \u00fcbersehen:<\/p>\n\n\n\n<p>Amazon bietet genau daf\u00fcr M\u00f6glichkeiten.<\/p>\n\n\n\n<p>Produkte verkaufen \u2013 ganz ohne Lager, ohne Versand und ohne selbst im Rampenlicht zu stehen.<\/p>\n\n\n\n<p>Deshalb habe ich dir einen klaren, leicht umsetzbaren Guide erstellt:<\/p>\n\n\n\n<p>\ud83d\udce6 Wie du mit Amazon starten kannst \u2013 Schritt f\u00fcr Schritt<\/p>\n\n\n\n<p>\ud83d\udd0d Ohne Vorwissen, ohne dich zu zeigen<\/p>\n\n\n\n<p>\ud83c\udfe0 Perfekt f\u00fcr alle, die still im Hintergrund ihr Online-Einkommen aufbauen wollen<\/p>\n\n\n\n<p>Ob nebenbei oder als neues Projekt \u2013 du brauchst kein B\u00fcro, nur deine Handy &nbsp;und diesen Fahrplan.<\/p>\n","protected":false},"excerpt":{"rendered":"<p>\ud83d\udcbb Du willst Geld verdienen \u2013 von zu Hause aus, ohne dich st\u00e4ndig zeigen zu m\u00fcssen? Dann bist du nicht allein. Viele w\u00fcnschen sich ein zus\u00e4tzliches Einkommen \u2013 aber bitte ohne Kamerastress, st\u00e4ndige Selbstdarstellung oder gro\u00dfes Startkapital. Was viele \u00fcbersehen: Amazon bietet genau daf\u00fcr M\u00f6glichkeiten. Produkte verkaufen \u2013 ganz ohne Lager, ohne Versand und ohne [&hellip;]<\/p>\n","protected":false},"featured_media":135,"comment_status":"open","ping_status":"closed","template":"","meta":[],"product_brand":[],"product_cat":[32],"product_tag":[],"class_list":{"0":"post-134","1":"product","2":"type-product","3":"status-publish","4":"has-post-thumbnail","6":"product_cat-uncategorized","8":"first","9":"instock","10":"downloadable","11":"virtual","12":"purchasable","13":"product-type-simple"},"yoast_head":"<!-- This site is optimized with the Yoast SEO plugin v27.1.1 - https:\/\/yoast.com\/product\/yoast-seo-wordpress\/ -->\n<title>Passives Einkommen mit Amazon KDP - ADS movie<\/title>\n<meta name=\"robots\" content=\"index, follow, max-snippet:-1, max-image-preview:large, max-video-preview:-1\" \/>\n<link rel=\"canonical\" href=\"https:\/\/adsmove.store\/de\/produkt\/passives-einkommen-mit-amazon-kdp\/\" \/>\n<meta property=\"og:locale\" content=\"de_DE\" \/>\n<meta property=\"og:type\" content=\"article\" \/>\n<meta property=\"og:title\" content=\"Passives Einkommen mit Amazon KDP - ADS movie\" \/>\n<meta property=\"og:description\" content=\"\ud83d\udcbb Du willst Geld verdienen \u2013 von zu Hause aus, ohne dich st\u00e4ndig zeigen zu m\u00fcssen? Dann bist du nicht allein. Viele w\u00fcnschen sich ein zus\u00e4tzliches Einkommen \u2013 aber bitte ohne Kamerastress, st\u00e4ndige Selbstdarstellung oder gro\u00dfes Startkapital. Was viele \u00fcbersehen: Amazon bietet genau daf\u00fcr M\u00f6glichkeiten. Produkte verkaufen \u2013 ganz ohne Lager, ohne Versand und ohne [&hellip;]\" \/>\n<meta property=\"og:url\" content=\"https:\/\/adsmove.store\/de\/produkt\/passives-einkommen-mit-amazon-kdp\/\" \/>\n<meta property=\"og:site_name\" content=\"ADS movie\" \/>\n<meta property=\"article:modified_time\" content=\"2026-02-18T17:10:30+00:00\" \/>\n<meta property=\"og:image\" content=\"https:\/\/adsmove.store\/wp-content\/uploads\/2026\/02\/img_9784_142832142648600439-1748765508.webp\" \/>\n\t<meta property=\"og:image:width\" content=\"1214\" \/>\n\t<meta property=\"og:image:height\" content=\"1202\" \/>\n\t<meta property=\"og:image:type\" content=\"image\/webp\" \/>\n<meta name=\"twitter:card\" content=\"summary_large_image\" \/>\n<meta name=\"twitter:label1\" content=\"Gesch\u00e4tzte Lesezeit\" \/>\n\t<meta name=\"twitter:data1\" content=\"1\u00a0Minute\" \/>\n<script type=\"application\/ld+json\" class=\"yoast-schema-graph\">{\"@context\":\"https:\/\/schema.org\",\"@graph\":[{\"@type\":\"WebPage\",\"@id\":\"https:\/\/adsmove.store\/de\/produkt\/passives-einkommen-mit-amazon-kdp\/\",\"url\":\"https:\/\/adsmove.store\/de\/produkt\/passives-einkommen-mit-amazon-kdp\/\",\"name\":\"Passives Einkommen mit Amazon KDP - ADS movie\",\"isPartOf\":{\"@id\":\"https:\/\/adsmove.store\/de\/#website\"},\"primaryImageOfPage\":{\"@id\":\"https:\/\/adsmove.store\/de\/produkt\/passives-einkommen-mit-amazon-kdp\/#primaryimage\"},\"image\":{\"@id\":\"https:\/\/adsmove.store\/de\/produkt\/passives-einkommen-mit-amazon-kdp\/#primaryimage\"},\"thumbnailUrl\":\"https:\/\/adsmove.store\/wp-content\/uploads\/2026\/02\/img_9784_142832142648600439-1748765508.webp\",\"datePublished\":\"2026-02-18T04:39:53+00:00\",\"dateModified\":\"2026-02-18T17:10:30+00:00\",\"breadcrumb\":{\"@id\":\"https:\/\/adsmove.store\/de\/produkt\/passives-einkommen-mit-amazon-kdp\/#breadcrumb\"},\"inLanguage\":\"de\",\"potentialAction\":[{\"@type\":\"ReadAction\",\"target\":[\"https:\/\/adsmove.store\/de\/produkt\/passives-einkommen-mit-amazon-kdp\/\"]}]},{\"@type\":\"ImageObject\",\"inLanguage\":\"de\",\"@id\":\"https:\/\/adsmove.store\/de\/produkt\/passives-einkommen-mit-amazon-kdp\/#primaryimage\",\"url\":\"https:\/\/adsmove.store\/wp-content\/uploads\/2026\/02\/img_9784_142832142648600439-1748765508.webp\",\"contentUrl\":\"https:\/\/adsmove.store\/wp-content\/uploads\/2026\/02\/img_9784_142832142648600439-1748765508.webp\",\"width\":1214,\"height\":1202},{\"@type\":\"BreadcrumbList\",\"@id\":\"https:\/\/adsmove.store\/de\/produkt\/passives-einkommen-mit-amazon-kdp\/#breadcrumb\",\"itemListElement\":[{\"@type\":\"ListItem\",\"position\":1,\"name\":\"Home\",\"item\":\"https:\/\/adsmove.store\/de\/adsmove\/\"},{\"@type\":\"ListItem\",\"position\":2,\"name\":\"Shop\",\"item\":\"https:\/\/adsmove.store\/de\/shop\/\"},{\"@type\":\"ListItem\",\"position\":3,\"name\":\"Passives Einkommen mit Amazon KDP\"}]},{\"@type\":\"WebSite\",\"@id\":\"https:\/\/adsmove.store\/de\/#website\",\"url\":\"https:\/\/adsmove.store\/de\/\",\"name\":\"ADSmovie Store\",\"description\":\"ADS movie\",\"publisher\":{\"@id\":\"https:\/\/adsmove.store\/de\/#organization\"},\"potentialAction\":[{\"@type\":\"SearchAction\",\"target\":{\"@type\":\"EntryPoint\",\"urlTemplate\":\"https:\/\/adsmove.store\/de\/?s={search_term_string}\"},\"query-input\":{\"@type\":\"PropertyValueSpecification\",\"valueRequired\":true,\"valueName\":\"search_term_string\"}}],\"inLanguage\":\"de\"},{\"@type\":\"Organization\",\"@id\":\"https:\/\/adsmove.store\/de\/#organization\",\"name\":\"ADSmovie Store\",\"url\":\"https:\/\/adsmove.store\/de\/\",\"logo\":{\"@type\":\"ImageObject\",\"inLanguage\":\"de\",\"@id\":\"https:\/\/adsmove.store\/de\/#\/schema\/logo\/image\/\",\"url\":\"https:\/\/adsmove.store\/wp-content\/uploads\/2026\/03\/logo.v2.png\",\"contentUrl\":\"https:\/\/adsmove.store\/wp-content\/uploads\/2026\/03\/logo.v2.png\",\"width\":512,\"height\":512,\"caption\":\"ADSmovie Store\"},\"image\":{\"@id\":\"https:\/\/adsmove.store\/de\/#\/schema\/logo\/image\/\"}}]}<\/script>\n<!-- \/ Yoast SEO plugin. -->","yoast_head_json":{"title":"Passives Einkommen mit Amazon KDP - ADS movie","robots":{"index":"index","follow":"follow","max-snippet":"max-snippet:-1","max-image-preview":"max-image-preview:large","max-video-preview":"max-video-preview:-1"},"canonical":"https:\/\/adsmove.store\/de\/produkt\/passives-einkommen-mit-amazon-kdp\/","og_locale":"de_DE","og_type":"article","og_title":"Passives Einkommen mit Amazon KDP - ADS movie","og_description":"\ud83d\udcbb Du willst Geld verdienen \u2013 von zu Hause aus, ohne dich st\u00e4ndig zeigen zu m\u00fcssen? Dann bist du nicht allein. Viele w\u00fcnschen sich ein zus\u00e4tzliches Einkommen \u2013 aber bitte ohne Kamerastress, st\u00e4ndige Selbstdarstellung oder gro\u00dfes Startkapital. Was viele \u00fcbersehen: Amazon bietet genau daf\u00fcr M\u00f6glichkeiten. Produkte verkaufen \u2013 ganz ohne Lager, ohne Versand und ohne [&hellip;]","og_url":"https:\/\/adsmove.store\/de\/produkt\/passives-einkommen-mit-amazon-kdp\/","og_site_name":"ADS movie","article_modified_time":"2026-02-18T17:10:30+00:00","og_image":[{"width":1214,"height":1202,"url":"https:\/\/adsmove.store\/wp-content\/uploads\/2026\/02\/img_9784_142832142648600439-1748765508.webp","type":"image\/webp"}],"twitter_card":"summary_large_image","twitter_misc":{"Gesch\u00e4tzte Lesezeit":"1\u00a0Minute"},"schema":{"@context":"https:\/\/schema.org","@graph":[{"@type":"WebPage","@id":"https:\/\/adsmove.store\/de\/produkt\/passives-einkommen-mit-amazon-kdp\/","url":"https:\/\/adsmove.store\/de\/produkt\/passives-einkommen-mit-amazon-kdp\/","name":"Passives Einkommen mit Amazon KDP - ADS movie","isPartOf":{"@id":"https:\/\/adsmove.store\/de\/#website"},"primaryImageOfPage":{"@id":"https:\/\/adsmove.store\/de\/produkt\/passives-einkommen-mit-amazon-kdp\/#primaryimage"},"image":{"@id":"https:\/\/adsmove.store\/de\/produkt\/passives-einkommen-mit-amazon-kdp\/#primaryimage"},"thumbnailUrl":"https:\/\/adsmove.store\/wp-content\/uploads\/2026\/02\/img_9784_142832142648600439-1748765508.webp","datePublished":"2026-02-18T04:39:53+00:00","dateModified":"2026-02-18T17:10:30+00:00","breadcrumb":{"@id":"https:\/\/adsmove.store\/de\/produkt\/passives-einkommen-mit-amazon-kdp\/#breadcrumb"},"inLanguage":"de","potentialAction":[{"@type":"ReadAction","target":["https:\/\/adsmove.store\/de\/produkt\/passives-einkommen-mit-amazon-kdp\/"]}]},{"@type":"ImageObject","inLanguage":"de","@id":"https:\/\/adsmove.store\/de\/produkt\/passives-einkommen-mit-amazon-kdp\/#primaryimage","url":"https:\/\/adsmove.store\/wp-content\/uploads\/2026\/02\/img_9784_142832142648600439-1748765508.webp","contentUrl":"https:\/\/adsmove.store\/wp-content\/uploads\/2026\/02\/img_9784_142832142648600439-1748765508.webp","width":1214,"height":1202},{"@type":"BreadcrumbList","@id":"https:\/\/adsmove.store\/de\/produkt\/passives-einkommen-mit-amazon-kdp\/#breadcrumb","itemListElement":[{"@type":"ListItem","position":1,"name":"Home","item":"https:\/\/adsmove.store\/de\/adsmove\/"},{"@type":"ListItem","position":2,"name":"Shop","item":"https:\/\/adsmove.store\/de\/shop\/"},{"@type":"ListItem","position":3,"name":"Passives Einkommen mit Amazon KDP"}]},{"@type":"WebSite","@id":"https:\/\/adsmove.store\/de\/#website","url":"https:\/\/adsmove.store\/de\/","name":"ADSmovie Store","description":"ADS movie","publisher":{"@id":"https:\/\/adsmove.store\/de\/#organization"},"potentialAction":[{"@type":"SearchAction","target":{"@type":"EntryPoint","urlTemplate":"https:\/\/adsmove.store\/de\/?s={search_term_string}"},"query-input":{"@type":"PropertyValueSpecification","valueRequired":true,"valueName":"search_term_string"}}],"inLanguage":"de"},{"@type":"Organization","@id":"https:\/\/adsmove.store\/de\/#organization","name":"ADSmovie Store","url":"https:\/\/adsmove.store\/de\/","logo":{"@type":"ImageObject","inLanguage":"de","@id":"https:\/\/adsmove.store\/de\/#\/schema\/logo\/image\/","url":"https:\/\/adsmove.store\/wp-content\/uploads\/2026\/03\/logo.v2.png","contentUrl":"https:\/\/adsmove.store\/wp-content\/uploads\/2026\/03\/logo.v2.png","width":512,"height":512,"caption":"ADSmovie Store"},"image":{"@id":"https:\/\/adsmove.store\/de\/#\/schema\/logo\/image\/"}}]}},"_links":{"self":[{"href":"https:\/\/adsmove.store\/de\/wp-json\/wp\/v2\/product\/134","targetHints":{"allow":["GET"]}}],"collection":[{"href":"https:\/\/adsmove.store\/de\/wp-json\/wp\/v2\/product"}],"about":[{"href":"https:\/\/adsmove.store\/de\/wp-json\/wp\/v2\/types\/product"}],"replies":[{"embeddable":true,"href":"https:\/\/adsmove.store\/de\/wp-json\/wp\/v2\/comments?post=134"}],"wp:featuredmedia":[{"embeddable":true,"href":"https:\/\/adsmove.store\/de\/wp-json\/wp\/v2\/media\/135"}],"wp:attachment":[{"href":"https:\/\/adsmove.store\/de\/wp-json\/wp\/v2\/media?parent=134"}],"wp:term":[{"taxonomy":"product_brand","embeddable":true,"href":"https:\/\/adsmove.store\/de\/wp-json\/wp\/v2\/product_brand?post=134"},{"taxonomy":"product_cat","embeddable":true,"href":"https:\/\/adsmove.store\/de\/wp-json\/wp\/v2\/product_cat?post=134"},{"taxonomy":"product_tag","embeddable":true,"href":"https:\/\/adsmove.store\/de\/wp-json\/wp\/v2\/product_tag?post=134"}],"curies":[{"name":"wp","href":"https:\/\/api.w.org\/{rel}","templated":true}]}}