{"id":142,"date":"2026-02-18T04:29:58","date_gmt":"2026-02-18T04:29:58","guid":{"rendered":"https:\/\/adsmove.store\/product\/digitales-marketing-wie-du-sofort-durchstartest\/"},"modified":"2026-02-18T17:21:24","modified_gmt":"2026-02-18T17:21:24","slug":"digitales-marketing-wie-du-sofort-durchstartest","status":"publish","type":"product","link":"https:\/\/adsmove.store\/de\/produkt\/digitales-marketing-wie-du-sofort-durchstartest\/","title":{"rendered":"Digitales Marketing &#8211; Wie du sofort durchstartest"},"content":{"rendered":"\n<p>Dieser Guide zeigt dir, wie du mithilfe von Social Media dein eigenes Unternehmen aufbaust und deine ersten digitalen Produkte erfolgreich verkaufst. Du erh\u00e4ltst wertvolle Informationen, die dir helfen, die richtigen Entscheidungen zu treffen, dich zu positionieren und deine Nische zu finden. Au\u00dferdem erfahrst du, wie dein Branding von deiner Wahl beeinflusst wird, ob du anonym oder pers\u00f6nlich auftreten m\u00f6chtest. Egal, f\u00fcr welchen Weg du dich entscheidest, dieser Guide bietet dir die Grundlagen, um erfolgreich zu sein und deine Ziele zu erreichen.<\/p>\n","protected":false},"excerpt":{"rendered":"<p>Dieser Guide zeigt dir, wie du mithilfe von Social Media dein eigenes Unternehmen aufbaust und deine ersten digitalen Produkte erfolgreich verkaufst. Du erh\u00e4ltst wertvolle Informationen, die dir helfen, die richtigen Entscheidungen zu treffen, dich zu positionieren und deine Nische zu finden. Au\u00dferdem erfahrst du, wie dein Branding von deiner Wahl beeinflusst wird, ob du anonym [&hellip;]<\/p>\n","protected":false},"featured_media":143,"comment_status":"open","ping_status":"closed","template":"","meta":[],"product_brand":[],"product_cat":[32],"product_tag":[],"class_list":{"0":"post-142","1":"product","2":"type-product","3":"status-publish","4":"has-post-thumbnail","6":"product_cat-uncategorized","8":"first","9":"instock","10":"downloadable","11":"virtual","12":"purchasable","13":"product-type-simple"},"yoast_head":"<!-- This site is optimized with the Yoast SEO plugin v27.1.1 - https:\/\/yoast.com\/product\/yoast-seo-wordpress\/ -->\n<title>Digitales Marketing - Wie du sofort durchstartest - ADS movie<\/title>\n<meta name=\"robots\" content=\"index, follow, max-snippet:-1, max-image-preview:large, max-video-preview:-1\" \/>\n<link rel=\"canonical\" href=\"https:\/\/adsmove.store\/de\/produkt\/digitales-marketing-wie-du-sofort-durchstartest\/\" \/>\n<meta property=\"og:locale\" content=\"de_DE\" \/>\n<meta property=\"og:type\" content=\"article\" \/>\n<meta property=\"og:title\" content=\"Digitales Marketing - Wie du sofort durchstartest - ADS movie\" \/>\n<meta property=\"og:description\" content=\"Dieser Guide zeigt dir, wie du mithilfe von Social Media dein eigenes Unternehmen aufbaust und deine ersten digitalen Produkte erfolgreich verkaufst. Du erh\u00e4ltst wertvolle Informationen, die dir helfen, die richtigen Entscheidungen zu treffen, dich zu positionieren und deine Nische zu finden. Au\u00dferdem erfahrst du, wie dein Branding von deiner Wahl beeinflusst wird, ob du anonym [&hellip;]\" \/>\n<meta property=\"og:url\" content=\"https:\/\/adsmove.store\/de\/produkt\/digitales-marketing-wie-du-sofort-durchstartest\/\" \/>\n<meta property=\"og:site_name\" content=\"ADS movie\" \/>\n<meta property=\"article:modified_time\" content=\"2026-02-18T17:21:24+00:00\" \/>\n<meta property=\"og:image\" content=\"https:\/\/adsmove.store\/wp-content\/uploads\/2026\/02\/kopie-von-square-mockups-1080x1080px-_4247219331525206765-1747220458.webp\" \/>\n\t<meta property=\"og:image:width\" content=\"1080\" \/>\n\t<meta property=\"og:image:height\" content=\"1080\" \/>\n\t<meta property=\"og:image:type\" content=\"image\/webp\" \/>\n<meta name=\"twitter:card\" content=\"summary_large_image\" \/>\n<meta name=\"twitter:label1\" content=\"Gesch\u00e4tzte Lesezeit\" \/>\n\t<meta name=\"twitter:data1\" content=\"1\u00a0Minute\" \/>\n<script type=\"application\/ld+json\" class=\"yoast-schema-graph\">{\"@context\":\"https:\/\/schema.org\",\"@graph\":[{\"@type\":\"WebPage\",\"@id\":\"https:\/\/adsmove.store\/de\/produkt\/digitales-marketing-wie-du-sofort-durchstartest\/\",\"url\":\"https:\/\/adsmove.store\/de\/produkt\/digitales-marketing-wie-du-sofort-durchstartest\/\",\"name\":\"Digitales Marketing - Wie du sofort durchstartest - ADS movie\",\"isPartOf\":{\"@id\":\"https:\/\/adsmove.store\/de\/#website\"},\"primaryImageOfPage\":{\"@id\":\"https:\/\/adsmove.store\/de\/produkt\/digitales-marketing-wie-du-sofort-durchstartest\/#primaryimage\"},\"image\":{\"@id\":\"https:\/\/adsmove.store\/de\/produkt\/digitales-marketing-wie-du-sofort-durchstartest\/#primaryimage\"},\"thumbnailUrl\":\"https:\/\/adsmove.store\/wp-content\/uploads\/2026\/02\/kopie-von-square-mockups-1080x1080px-_4247219331525206765-1747220458.webp\",\"datePublished\":\"2026-02-18T04:29:58+00:00\",\"dateModified\":\"2026-02-18T17:21:24+00:00\",\"breadcrumb\":{\"@id\":\"https:\/\/adsmove.store\/de\/produkt\/digitales-marketing-wie-du-sofort-durchstartest\/#breadcrumb\"},\"inLanguage\":\"de\",\"potentialAction\":[{\"@type\":\"ReadAction\",\"target\":[\"https:\/\/adsmove.store\/de\/produkt\/digitales-marketing-wie-du-sofort-durchstartest\/\"]}]},{\"@type\":\"ImageObject\",\"inLanguage\":\"de\",\"@id\":\"https:\/\/adsmove.store\/de\/produkt\/digitales-marketing-wie-du-sofort-durchstartest\/#primaryimage\",\"url\":\"https:\/\/adsmove.store\/wp-content\/uploads\/2026\/02\/kopie-von-square-mockups-1080x1080px-_4247219331525206765-1747220458.webp\",\"contentUrl\":\"https:\/\/adsmove.store\/wp-content\/uploads\/2026\/02\/kopie-von-square-mockups-1080x1080px-_4247219331525206765-1747220458.webp\",\"width\":1080,\"height\":1080},{\"@type\":\"BreadcrumbList\",\"@id\":\"https:\/\/adsmove.store\/de\/produkt\/digitales-marketing-wie-du-sofort-durchstartest\/#breadcrumb\",\"itemListElement\":[{\"@type\":\"ListItem\",\"position\":1,\"name\":\"Home\",\"item\":\"https:\/\/adsmove.store\/de\/adsmove\/\"},{\"@type\":\"ListItem\",\"position\":2,\"name\":\"Shop\",\"item\":\"https:\/\/adsmove.store\/de\/shop\/\"},{\"@type\":\"ListItem\",\"position\":3,\"name\":\"Digitales Marketing &#8211; Wie du sofort durchstartest\"}]},{\"@type\":\"WebSite\",\"@id\":\"https:\/\/adsmove.store\/de\/#website\",\"url\":\"https:\/\/adsmove.store\/de\/\",\"name\":\"ADSmovie Store\",\"description\":\"ADS movie\",\"publisher\":{\"@id\":\"https:\/\/adsmove.store\/de\/#organization\"},\"potentialAction\":[{\"@type\":\"SearchAction\",\"target\":{\"@type\":\"EntryPoint\",\"urlTemplate\":\"https:\/\/adsmove.store\/de\/?s={search_term_string}\"},\"query-input\":{\"@type\":\"PropertyValueSpecification\",\"valueRequired\":true,\"valueName\":\"search_term_string\"}}],\"inLanguage\":\"de\"},{\"@type\":\"Organization\",\"@id\":\"https:\/\/adsmove.store\/de\/#organization\",\"name\":\"ADSmovie Store\",\"url\":\"https:\/\/adsmove.store\/de\/\",\"logo\":{\"@type\":\"ImageObject\",\"inLanguage\":\"de\",\"@id\":\"https:\/\/adsmove.store\/de\/#\/schema\/logo\/image\/\",\"url\":\"https:\/\/adsmove.store\/wp-content\/uploads\/2026\/03\/logo.v2.png\",\"contentUrl\":\"https:\/\/adsmove.store\/wp-content\/uploads\/2026\/03\/logo.v2.png\",\"width\":512,\"height\":512,\"caption\":\"ADSmovie Store\"},\"image\":{\"@id\":\"https:\/\/adsmove.store\/de\/#\/schema\/logo\/image\/\"}}]}<\/script>\n<!-- \/ Yoast SEO plugin. -->","yoast_head_json":{"title":"Digitales Marketing - Wie du sofort durchstartest - ADS movie","robots":{"index":"index","follow":"follow","max-snippet":"max-snippet:-1","max-image-preview":"max-image-preview:large","max-video-preview":"max-video-preview:-1"},"canonical":"https:\/\/adsmove.store\/de\/produkt\/digitales-marketing-wie-du-sofort-durchstartest\/","og_locale":"de_DE","og_type":"article","og_title":"Digitales Marketing - Wie du sofort durchstartest - ADS movie","og_description":"Dieser Guide zeigt dir, wie du mithilfe von Social Media dein eigenes Unternehmen aufbaust und deine ersten digitalen Produkte erfolgreich verkaufst. Du erh\u00e4ltst wertvolle Informationen, die dir helfen, die richtigen Entscheidungen zu treffen, dich zu positionieren und deine Nische zu finden. Au\u00dferdem erfahrst du, wie dein Branding von deiner Wahl beeinflusst wird, ob du anonym [&hellip;]","og_url":"https:\/\/adsmove.store\/de\/produkt\/digitales-marketing-wie-du-sofort-durchstartest\/","og_site_name":"ADS movie","article_modified_time":"2026-02-18T17:21:24+00:00","og_image":[{"width":1080,"height":1080,"url":"https:\/\/adsmove.store\/wp-content\/uploads\/2026\/02\/kopie-von-square-mockups-1080x1080px-_4247219331525206765-1747220458.webp","type":"image\/webp"}],"twitter_card":"summary_large_image","twitter_misc":{"Gesch\u00e4tzte Lesezeit":"1\u00a0Minute"},"schema":{"@context":"https:\/\/schema.org","@graph":[{"@type":"WebPage","@id":"https:\/\/adsmove.store\/de\/produkt\/digitales-marketing-wie-du-sofort-durchstartest\/","url":"https:\/\/adsmove.store\/de\/produkt\/digitales-marketing-wie-du-sofort-durchstartest\/","name":"Digitales Marketing - Wie du sofort durchstartest - ADS movie","isPartOf":{"@id":"https:\/\/adsmove.store\/de\/#website"},"primaryImageOfPage":{"@id":"https:\/\/adsmove.store\/de\/produkt\/digitales-marketing-wie-du-sofort-durchstartest\/#primaryimage"},"image":{"@id":"https:\/\/adsmove.store\/de\/produkt\/digitales-marketing-wie-du-sofort-durchstartest\/#primaryimage"},"thumbnailUrl":"https:\/\/adsmove.store\/wp-content\/uploads\/2026\/02\/kopie-von-square-mockups-1080x1080px-_4247219331525206765-1747220458.webp","datePublished":"2026-02-18T04:29:58+00:00","dateModified":"2026-02-18T17:21:24+00:00","breadcrumb":{"@id":"https:\/\/adsmove.store\/de\/produkt\/digitales-marketing-wie-du-sofort-durchstartest\/#breadcrumb"},"inLanguage":"de","potentialAction":[{"@type":"ReadAction","target":["https:\/\/adsmove.store\/de\/produkt\/digitales-marketing-wie-du-sofort-durchstartest\/"]}]},{"@type":"ImageObject","inLanguage":"de","@id":"https:\/\/adsmove.store\/de\/produkt\/digitales-marketing-wie-du-sofort-durchstartest\/#primaryimage","url":"https:\/\/adsmove.store\/wp-content\/uploads\/2026\/02\/kopie-von-square-mockups-1080x1080px-_4247219331525206765-1747220458.webp","contentUrl":"https:\/\/adsmove.store\/wp-content\/uploads\/2026\/02\/kopie-von-square-mockups-1080x1080px-_4247219331525206765-1747220458.webp","width":1080,"height":1080},{"@type":"BreadcrumbList","@id":"https:\/\/adsmove.store\/de\/produkt\/digitales-marketing-wie-du-sofort-durchstartest\/#breadcrumb","itemListElement":[{"@type":"ListItem","position":1,"name":"Home","item":"https:\/\/adsmove.store\/de\/adsmove\/"},{"@type":"ListItem","position":2,"name":"Shop","item":"https:\/\/adsmove.store\/de\/shop\/"},{"@type":"ListItem","position":3,"name":"Digitales Marketing &#8211; Wie du sofort durchstartest"}]},{"@type":"WebSite","@id":"https:\/\/adsmove.store\/de\/#website","url":"https:\/\/adsmove.store\/de\/","name":"ADSmovie Store","description":"ADS movie","publisher":{"@id":"https:\/\/adsmove.store\/de\/#organization"},"potentialAction":[{"@type":"SearchAction","target":{"@type":"EntryPoint","urlTemplate":"https:\/\/adsmove.store\/de\/?s={search_term_string}"},"query-input":{"@type":"PropertyValueSpecification","valueRequired":true,"valueName":"search_term_string"}}],"inLanguage":"de"},{"@type":"Organization","@id":"https:\/\/adsmove.store\/de\/#organization","name":"ADSmovie Store","url":"https:\/\/adsmove.store\/de\/","logo":{"@type":"ImageObject","inLanguage":"de","@id":"https:\/\/adsmove.store\/de\/#\/schema\/logo\/image\/","url":"https:\/\/adsmove.store\/wp-content\/uploads\/2026\/03\/logo.v2.png","contentUrl":"https:\/\/adsmove.store\/wp-content\/uploads\/2026\/03\/logo.v2.png","width":512,"height":512,"caption":"ADSmovie Store"},"image":{"@id":"https:\/\/adsmove.store\/de\/#\/schema\/logo\/image\/"}}]}},"_links":{"self":[{"href":"https:\/\/adsmove.store\/de\/wp-json\/wp\/v2\/product\/142","targetHints":{"allow":["GET"]}}],"collection":[{"href":"https:\/\/adsmove.store\/de\/wp-json\/wp\/v2\/product"}],"about":[{"href":"https:\/\/adsmove.store\/de\/wp-json\/wp\/v2\/types\/product"}],"replies":[{"embeddable":true,"href":"https:\/\/adsmove.store\/de\/wp-json\/wp\/v2\/comments?post=142"}],"wp:featuredmedia":[{"embeddable":true,"href":"https:\/\/adsmove.store\/de\/wp-json\/wp\/v2\/media\/143"}],"wp:attachment":[{"href":"https:\/\/adsmove.store\/de\/wp-json\/wp\/v2\/media?parent=142"}],"wp:term":[{"taxonomy":"product_brand","embeddable":true,"href":"https:\/\/adsmove.store\/de\/wp-json\/wp\/v2\/product_brand?post=142"},{"taxonomy":"product_cat","embeddable":true,"href":"https:\/\/adsmove.store\/de\/wp-json\/wp\/v2\/product_cat?post=142"},{"taxonomy":"product_tag","embeddable":true,"href":"https:\/\/adsmove.store\/de\/wp-json\/wp\/v2\/product_tag?post=142"}],"curies":[{"name":"wp","href":"https:\/\/api.w.org\/{rel}","templated":true}]}}