{"id":144,"date":"2026-02-16T09:15:30","date_gmt":"2026-02-16T09:15:30","guid":{"rendered":"https:\/\/adsmove.store\/product\/mrr-academy\/"},"modified":"2026-03-09T07:11:31","modified_gmt":"2026-03-09T07:11:31","slug":"mrr-academy","status":"publish","type":"product","link":"https:\/\/adsmove.store\/de\/produkt\/mrr-academy\/","title":{"rendered":"MRR &#8211; Academy"},"content":{"rendered":"\n<p>Der Kurs lehrt dich alles, was du wissen musst, um eine&nbsp;<strong>unvergleichbar Marke<\/strong>&nbsp;online aufzubauen und deine&nbsp;<strong>Follower in Fans und Kunden<\/strong>&nbsp;zu verwandeln!<\/p>\n\n\n\n<p>Egal, ob du&nbsp;<strong>Anf\u00e4nger<\/strong>&nbsp;oder Fortgeschritten im Bereich Social Media bist, die MRR Akademie ist f\u00fcr dich geeignet, wenn du lernen willst, wie du auf Social Media w\u00e4chst und dir ein bew\u00e4hrtes System einrichtest, um deine digitale Produkte automatisiert zu verkaufen:<\/p>\n\n\n\n<p>Die Inhalte sind klar und unkompliziert erkl\u00e4rt und daher absolut anf\u00e4ngerfreundlich.<\/p>\n\n\n\n<p>Diese Kurse sind beinhaltet&nbsp;<\/p>\n\n\n\n<p>DIGITAL BUSINESS BASE<\/p>\n\n\n\n<p>(Dein Online Business Aufbau Kurs &#8211; Digitale Produkte, fertig oder selbst erstellt)<\/p>\n\n\n\n<p>Modul 1:Willkommen<\/p>\n\n\n\n<p>Modul 2:Grundlagen<\/p>\n\n\n\n<p>Modul 3:Business Modelle<\/p>\n\n\n\n<p>Modul 4:Zielgruppe\/Nische w\u00e4hlen<\/p>\n\n\n\n<p>Modul 5:Online Shop Vergleich<\/p>\n\n\n\n<p>Modul 6:Shop Aufbau Systeme io<\/p>\n\n\n\n<p>Modul 7:Shop Aufbau Tentary<\/p>\n\n\n\n<p>Modul 8:Instagram Profilaufbau<\/p>\n\n\n\n<p>Modul 9:Content-Erstellung<\/p>\n\n\n\n<p>Modul 10:<\/p>\n\n\n\n<p>MIND HACK MARKETING<\/p>\n\n\n\n<p>(Verkaufspsychologie f\u00fcr erfolgreiche Sales auf Social Media)<\/p>\n\n\n\n<p>Modul 1:Einf\u00fchrung<\/p>\n\n\n\n<p>Modul 2:Grundlagen Verkaufspsychologie<\/p>\n\n\n\n<p>Modul 3:Verkaufen ohne zu Verkaufen<\/p>\n\n\n\n<p>Modul 4:Die perfekte Verkaufsstory<\/p>\n\n\n\n<p>Modul 5:Verkaufspsychologie in DM\u2019s<\/p>\n\n\n\n<p>Modul 6:&amp; Framing<\/p>\n\n\n\n<p>Modul 7:Follow Up Strategien<\/p>\n\n\n\n<p>Modul 8:Mind Hack&nbsp;<\/p>\n\n\n\n<p>ALGORITHMUS MASTERMIND<\/p>\n\n\n\n<p>(Mache den Algorithmus zu deinem wichtigsten Mitarbeiter)<\/p>\n\n\n\n<p>Modul 1:Was kann Instagram eigentlich?<\/p>\n\n\n\n<p>Modul 2:Der Algorithmus<\/p>\n\n\n\n<p>Modul 3:Insights &amp; Metriken<\/p>\n\n\n\n<p>Modul 4:Reichweite steigern<\/p>\n\n\n\n<p>Modul 5:Storyhacks f\u00fcr mehr Reichweite<\/p>\n\n\n\n<p>Modul 6:Visuelle &amp; Audio Hacks<\/p>\n\n\n\n<p>Modul 7:Bonus: Fehlercheckliste<\/p>\n\n\n\n<p>Bonus: Profi Tools<\/p>\n\n\n\n<p>SOCIAL BUSINESS CLASS &#8211; TikTok EDITION<\/p>\n\n\n\n<p>(Wie du mit TikTok erfolgreich dein Business skalierst)<\/p>\n\n\n\n<p>Modul 1:Willkommen<\/p>\n\n\n\n<p>Modul 2:Grundlagen<\/p>\n\n\n\n<p>Modul 3:Algorithmus &amp; Content<\/p>\n\n\n\n<p>Modul 4:Live Videos<\/p>\n\n\n\n<p>Modul 5:Mindset<\/p>\n\n\n\n<p>AI Business Revolution<\/p>\n\n\n\n<p>In diesem umfassenden KI-Kurs mit \u00fcber 50 Video Lektionen lernst du, wie du mit den besten und<\/p>\n\n\n\n<p>neuesten KI-Tools dein digitales Business transformierst \u2014 automatisiert, skalierbar und ohne<\/p>\n\n\n\n<p>technisches Vorwissen.<\/p>\n\n\n\n<p>\u2705 55 Video-Training-Lektionen<\/p>\n\n\n\n<p>\u2705 Die besten KI Tools in einem Kurs<\/p>\n\n\n\n<p>\u2705 Erstellung digitaler Produkte mit KI<\/p>\n\n\n\n<p>\u2705 Erstellung eigener AI Twin Avatare<\/p>\n\n\n\n<p>\u2705 Spreche mit KI \u00fcber 140 Sprachen flie\u00dfend<\/p>\n\n\n\n<p>\u2705 Videokurs erstellen mit KI Avataren &amp; importierbarer Verkaufsfunnel-Vorlage<\/p>\n\n\n\n<p>\u2705 Automatisiere Kundenservice &amp; Verkauf<\/p>\n\n\n\n<p>\u2705 Importierbare Instagram Automations-Vorlage<\/p>\n\n\n\n<p>\u2705 100% Reseller-Lizenz: Verkaufe und behalte 100% der Einnahmen<\/p>\n\n\n\n<p>\u2705 Inklusive Communitygruppe zum Austausch<\/p>\n\n\n\n<p>Starte sofort, nutze KI f\u00fcr eigene Produkte, Dienstleistungen und digitale Ums\u00e4tze \u2014 mit sofort<\/p>\n\n\n\n<p>einsetzbaren Vorlagen, automatisierten Prozessen und dem neuesten AI-Wissen.<\/p>\n\n\n\n<p>WebYourSite<\/p>\n\n\n\n<p>(Schritt f\u00fcr Schritt zur professionellen SEO optimierten Website)<\/p>\n\n\n\n<p>Modul 1:Vorstellung<\/p>\n\n\n\n<p>Modul 2:Anmelden<\/p>\n\n\n\n<p>Modul 3:\u00dcberblick verschaffen<\/p>\n\n\n\n<p>Modul 4:Branding &amp; Design<\/p>\n\n\n\n<p>Modul 5:Seite Bearbeiten<\/p>\n\n\n\n<p>Modul 6:Rechtliches &amp; Footer bearbeiten<\/p>\n\n\n\n<p>Modul 7:Copy Elemente<\/p>\n\n\n\n<p>Modul 8:Shop erstellen &amp; Produkte verlinken<\/p>\n\n\n\n<p>Modul 9:Wichtige Einstellungen &amp; SEO<\/p>\n\n\n\n<p>Modul 10:Seite testen &amp; ver\u00f6ffentlichen<\/p>\n\n\n\n<p>Au\u00dferdem erwartet Dich das:<\/p>\n\n\n\n<p>~ Weiterverkaufsrecht mit 100% Gewinn<\/p>\n\n\n\n<p>~ Werbematerialien zum Weiterverkauf<\/p>\n\n\n\n<p>~ Zugang zur MRR Academy Community<\/p>\n\n\n\n<p>~ Live Calls der MRR Academy<\/p>\n\n\n\n<p><strong>Das ist f\u00fcr dich wenn:<\/strong><\/p>\n\n\n\n<p>\ud83d\udcb8Du schon immer online Geld verdienen wolltest, dich aber vielleicht nicht zeigen willst<\/p>\n\n\n\n<p>\ud83d\udcdaDu digitale Produkte &amp; Kurse verkaufen m\u00f6chtest, aber keinen eigenen von Grund auf erstellen willst oder es lernen m\u00f6chtest<\/p>\n\n\n\n<p>\ud83d\ude80Du eine angehende\/r Onlineunternehmer\/in bist, der\/die nach einem zus\u00e4tzlichen Einkommensstrom sucht<\/p>\n\n\n\n<p>\u2728Du nach einem Weg suchst, mehr Leichtigkeit und Flow in deine Marke\/dein Unternehmen als zb Fitnesscoach, Ern\u00e4hrungsberater, Mindsetcoach, Beauty Dienstleister zu bringen.&nbsp;<\/p>\n\n\n\n<p>\ud83d\udd25Wenn du ein eigenes\/ fremdes digitales oder physisches Produkt ( NWM\/ affiliate) hast und lernen willst wie du mit Instagram deine Traumfollower gewinnst und zu Kunden machst.&nbsp;<\/p>\n\n\n\n<p>\ud83d\udcb8Du ein passives Einkommen aufbauen und lernen willst, wie man einen Shop erstellt, E-Mail-Kampagnen durchf\u00fchrt und sein Business automatisiert damit es rund um die Uhr f\u00fcr dich arbeitet.<\/p>\n\n\n\n<p>\u2728\u2728\u2728\u2728\u2728\u2728\u2728\u2728\u2728\u2728\u2728\u2728<\/p>\n\n\n\n<p>\u2022 Und das Beste? Du erh\u00e4ltst einen bereits fertigern Kurs, der stark nachgefragt wird und direkt weiterverkauft werden kann!<\/p>\n\n\n\n<p>\u2022 Alles was du \u00fcber \u00fcber Business, Marketing und Branding in leicht verst\u00e4ndlichen Schritt-f\u00fcr-Schritt-Modulen. Dies ist ein All-in-One-Digital-Marketing-Kurs, der dir verschiedene Wege zeigt, wie du als kompletter Anf\u00e4nger mit digitalem Marketing Geld verdienen kannst.<\/p>\n\n\n\n<p>Du hast lebenslangen Zugang zum Kurs und zur Community.<\/p>\n\n\n\n<p>\ud83d\udd25\ud83d\udd25\ud83d\udd25\ud83d\udd25\ud83d\udd25\ud83d\udd25\ud83d\udd25\ud83d\udd25\ud83d\udd25\ud83d\udd25\ud83d\udd25\ud83d\udd25<\/p>\n\n\n\n<p>Exklusiver Bonus<\/p>\n\n\n\n<p>Exklusiver Zugang zu meiner pers\u00f6nlichen exklusiven Telegramm-Kunden-Support-Gruppe<\/p>\n\n\n\n<p>Mit dem Kauf dieses Produktes best\u00e4tigst du, dass du die Allgemeinen Gesch\u00e4ftsbedingungen (AGB) sowie die\u00a0Vertriebslizenz gelesen und akzeptiert hast.\u201c<\/p>\n\n\n\n<p><\/p>\n","protected":false},"excerpt":{"rendered":"<p>Der Kurs lehrt dich alles, was du wissen musst, um eine&nbsp;unvergleichbar Marke&nbsp;online aufzubauen und deine&nbsp;Follower in Fans und Kunden&nbsp;zu verwandeln! Egal, ob du&nbsp;Anf\u00e4nger&nbsp;oder Fortgeschritten im Bereich Social Media bist, die MRR Akademie ist f\u00fcr dich geeignet, wenn du lernen willst, wie du auf Social Media w\u00e4chst und dir ein bew\u00e4hrtes System einrichtest, um deine digitale [&hellip;]<\/p>\n","protected":false},"featured_media":145,"comment_status":"open","ping_status":"closed","template":"","meta":[],"product_brand":[],"product_cat":[32],"product_tag":[],"class_list":{"0":"post-144","1":"product","2":"type-product","3":"status-publish","4":"has-post-thumbnail","6":"product_cat-uncategorized","8":"first","9":"instock","10":"sale","11":"downloadable","12":"virtual","13":"purchasable","14":"product-type-simple"},"yoast_head":"<!-- This site is optimized with the Yoast SEO plugin v27.1.1 - https:\/\/yoast.com\/product\/yoast-seo-wordpress\/ -->\n<title>MRR - Academy - ADS movie<\/title>\n<meta name=\"robots\" content=\"index, follow, max-snippet:-1, max-image-preview:large, max-video-preview:-1\" \/>\n<link rel=\"canonical\" href=\"https:\/\/adsmove.store\/de\/produkt\/mrr-academy\/\" \/>\n<meta property=\"og:locale\" content=\"de_DE\" \/>\n<meta property=\"og:type\" content=\"article\" \/>\n<meta property=\"og:title\" content=\"MRR - Academy - ADS movie\" \/>\n<meta property=\"og:description\" content=\"Der Kurs lehrt dich alles, was du wissen musst, um eine&nbsp;unvergleichbar Marke&nbsp;online aufzubauen und deine&nbsp;Follower in Fans und Kunden&nbsp;zu verwandeln! Egal, ob du&nbsp;Anf\u00e4nger&nbsp;oder Fortgeschritten im Bereich Social Media bist, die MRR Akademie ist f\u00fcr dich geeignet, wenn du lernen willst, wie du auf Social Media w\u00e4chst und dir ein bew\u00e4hrtes System einrichtest, um deine digitale [&hellip;]\" \/>\n<meta property=\"og:url\" content=\"https:\/\/adsmove.store\/de\/produkt\/mrr-academy\/\" \/>\n<meta property=\"og:site_name\" content=\"ADS movie\" \/>\n<meta property=\"article:modified_time\" content=\"2026-03-09T07:11:31+00:00\" \/>\n<meta property=\"og:image\" content=\"https:\/\/adsmove.store\/wp-content\/uploads\/2026\/02\/img_4274_1101543572617501103-1769631089.webp\" \/>\n\t<meta property=\"og:image:width\" content=\"1320\" \/>\n\t<meta property=\"og:image:height\" content=\"1179\" \/>\n\t<meta property=\"og:image:type\" content=\"image\/webp\" \/>\n<meta name=\"twitter:card\" content=\"summary_large_image\" \/>\n<meta name=\"twitter:label1\" content=\"Gesch\u00e4tzte Lesezeit\" \/>\n\t<meta name=\"twitter:data1\" content=\"3\u00a0Minuten\" \/>\n<script type=\"application\/ld+json\" class=\"yoast-schema-graph\">{\"@context\":\"https:\/\/schema.org\",\"@graph\":[{\"@type\":\"WebPage\",\"@id\":\"https:\/\/adsmove.store\/de\/produkt\/mrr-academy\/\",\"url\":\"https:\/\/adsmove.store\/de\/produkt\/mrr-academy\/\",\"name\":\"MRR - Academy - ADS movie\",\"isPartOf\":{\"@id\":\"https:\/\/adsmove.store\/de\/#website\"},\"primaryImageOfPage\":{\"@id\":\"https:\/\/adsmove.store\/de\/produkt\/mrr-academy\/#primaryimage\"},\"image\":{\"@id\":\"https:\/\/adsmove.store\/de\/produkt\/mrr-academy\/#primaryimage\"},\"thumbnailUrl\":\"https:\/\/adsmove.store\/wp-content\/uploads\/2026\/02\/img_4274_1101543572617501103-1769631089.webp\",\"datePublished\":\"2026-02-16T09:15:30+00:00\",\"dateModified\":\"2026-03-09T07:11:31+00:00\",\"breadcrumb\":{\"@id\":\"https:\/\/adsmove.store\/de\/produkt\/mrr-academy\/#breadcrumb\"},\"inLanguage\":\"de\",\"potentialAction\":[{\"@type\":\"ReadAction\",\"target\":[\"https:\/\/adsmove.store\/de\/produkt\/mrr-academy\/\"]}]},{\"@type\":\"ImageObject\",\"inLanguage\":\"de\",\"@id\":\"https:\/\/adsmove.store\/de\/produkt\/mrr-academy\/#primaryimage\",\"url\":\"https:\/\/adsmove.store\/wp-content\/uploads\/2026\/02\/img_4274_1101543572617501103-1769631089.webp\",\"contentUrl\":\"https:\/\/adsmove.store\/wp-content\/uploads\/2026\/02\/img_4274_1101543572617501103-1769631089.webp\",\"width\":1320,\"height\":1179},{\"@type\":\"BreadcrumbList\",\"@id\":\"https:\/\/adsmove.store\/de\/produkt\/mrr-academy\/#breadcrumb\",\"itemListElement\":[{\"@type\":\"ListItem\",\"position\":1,\"name\":\"Home\",\"item\":\"https:\/\/adsmove.store\/de\/adsmove\/\"},{\"@type\":\"ListItem\",\"position\":2,\"name\":\"Shop\",\"item\":\"https:\/\/adsmove.store\/de\/shop\/\"},{\"@type\":\"ListItem\",\"position\":3,\"name\":\"MRR &#8211; Academy\"}]},{\"@type\":\"WebSite\",\"@id\":\"https:\/\/adsmove.store\/de\/#website\",\"url\":\"https:\/\/adsmove.store\/de\/\",\"name\":\"ADSmovie Store\",\"description\":\"ADS movie\",\"publisher\":{\"@id\":\"https:\/\/adsmove.store\/de\/#organization\"},\"potentialAction\":[{\"@type\":\"SearchAction\",\"target\":{\"@type\":\"EntryPoint\",\"urlTemplate\":\"https:\/\/adsmove.store\/de\/?s={search_term_string}\"},\"query-input\":{\"@type\":\"PropertyValueSpecification\",\"valueRequired\":true,\"valueName\":\"search_term_string\"}}],\"inLanguage\":\"de\"},{\"@type\":\"Organization\",\"@id\":\"https:\/\/adsmove.store\/de\/#organization\",\"name\":\"ADSmovie Store\",\"url\":\"https:\/\/adsmove.store\/de\/\",\"logo\":{\"@type\":\"ImageObject\",\"inLanguage\":\"de\",\"@id\":\"https:\/\/adsmove.store\/de\/#\/schema\/logo\/image\/\",\"url\":\"https:\/\/adsmove.store\/wp-content\/uploads\/2026\/03\/logo.v2.png\",\"contentUrl\":\"https:\/\/adsmove.store\/wp-content\/uploads\/2026\/03\/logo.v2.png\",\"width\":512,\"height\":512,\"caption\":\"ADSmovie Store\"},\"image\":{\"@id\":\"https:\/\/adsmove.store\/de\/#\/schema\/logo\/image\/\"}}]}<\/script>\n<!-- \/ Yoast SEO plugin. -->","yoast_head_json":{"title":"MRR - Academy - ADS movie","robots":{"index":"index","follow":"follow","max-snippet":"max-snippet:-1","max-image-preview":"max-image-preview:large","max-video-preview":"max-video-preview:-1"},"canonical":"https:\/\/adsmove.store\/de\/produkt\/mrr-academy\/","og_locale":"de_DE","og_type":"article","og_title":"MRR - Academy - ADS movie","og_description":"Der Kurs lehrt dich alles, was du wissen musst, um eine&nbsp;unvergleichbar Marke&nbsp;online aufzubauen und deine&nbsp;Follower in Fans und Kunden&nbsp;zu verwandeln! Egal, ob du&nbsp;Anf\u00e4nger&nbsp;oder Fortgeschritten im Bereich Social Media bist, die MRR Akademie ist f\u00fcr dich geeignet, wenn du lernen willst, wie du auf Social Media w\u00e4chst und dir ein bew\u00e4hrtes System einrichtest, um deine digitale [&hellip;]","og_url":"https:\/\/adsmove.store\/de\/produkt\/mrr-academy\/","og_site_name":"ADS movie","article_modified_time":"2026-03-09T07:11:31+00:00","og_image":[{"width":1320,"height":1179,"url":"https:\/\/adsmove.store\/wp-content\/uploads\/2026\/02\/img_4274_1101543572617501103-1769631089.webp","type":"image\/webp"}],"twitter_card":"summary_large_image","twitter_misc":{"Gesch\u00e4tzte Lesezeit":"3\u00a0Minuten"},"schema":{"@context":"https:\/\/schema.org","@graph":[{"@type":"WebPage","@id":"https:\/\/adsmove.store\/de\/produkt\/mrr-academy\/","url":"https:\/\/adsmove.store\/de\/produkt\/mrr-academy\/","name":"MRR - Academy - ADS movie","isPartOf":{"@id":"https:\/\/adsmove.store\/de\/#website"},"primaryImageOfPage":{"@id":"https:\/\/adsmove.store\/de\/produkt\/mrr-academy\/#primaryimage"},"image":{"@id":"https:\/\/adsmove.store\/de\/produkt\/mrr-academy\/#primaryimage"},"thumbnailUrl":"https:\/\/adsmove.store\/wp-content\/uploads\/2026\/02\/img_4274_1101543572617501103-1769631089.webp","datePublished":"2026-02-16T09:15:30+00:00","dateModified":"2026-03-09T07:11:31+00:00","breadcrumb":{"@id":"https:\/\/adsmove.store\/de\/produkt\/mrr-academy\/#breadcrumb"},"inLanguage":"de","potentialAction":[{"@type":"ReadAction","target":["https:\/\/adsmove.store\/de\/produkt\/mrr-academy\/"]}]},{"@type":"ImageObject","inLanguage":"de","@id":"https:\/\/adsmove.store\/de\/produkt\/mrr-academy\/#primaryimage","url":"https:\/\/adsmove.store\/wp-content\/uploads\/2026\/02\/img_4274_1101543572617501103-1769631089.webp","contentUrl":"https:\/\/adsmove.store\/wp-content\/uploads\/2026\/02\/img_4274_1101543572617501103-1769631089.webp","width":1320,"height":1179},{"@type":"BreadcrumbList","@id":"https:\/\/adsmove.store\/de\/produkt\/mrr-academy\/#breadcrumb","itemListElement":[{"@type":"ListItem","position":1,"name":"Home","item":"https:\/\/adsmove.store\/de\/adsmove\/"},{"@type":"ListItem","position":2,"name":"Shop","item":"https:\/\/adsmove.store\/de\/shop\/"},{"@type":"ListItem","position":3,"name":"MRR &#8211; Academy"}]},{"@type":"WebSite","@id":"https:\/\/adsmove.store\/de\/#website","url":"https:\/\/adsmove.store\/de\/","name":"ADSmovie Store","description":"ADS movie","publisher":{"@id":"https:\/\/adsmove.store\/de\/#organization"},"potentialAction":[{"@type":"SearchAction","target":{"@type":"EntryPoint","urlTemplate":"https:\/\/adsmove.store\/de\/?s={search_term_string}"},"query-input":{"@type":"PropertyValueSpecification","valueRequired":true,"valueName":"search_term_string"}}],"inLanguage":"de"},{"@type":"Organization","@id":"https:\/\/adsmove.store\/de\/#organization","name":"ADSmovie Store","url":"https:\/\/adsmove.store\/de\/","logo":{"@type":"ImageObject","inLanguage":"de","@id":"https:\/\/adsmove.store\/de\/#\/schema\/logo\/image\/","url":"https:\/\/adsmove.store\/wp-content\/uploads\/2026\/03\/logo.v2.png","contentUrl":"https:\/\/adsmove.store\/wp-content\/uploads\/2026\/03\/logo.v2.png","width":512,"height":512,"caption":"ADSmovie Store"},"image":{"@id":"https:\/\/adsmove.store\/de\/#\/schema\/logo\/image\/"}}]}},"_links":{"self":[{"href":"https:\/\/adsmove.store\/de\/wp-json\/wp\/v2\/product\/144","targetHints":{"allow":["GET"]}}],"collection":[{"href":"https:\/\/adsmove.store\/de\/wp-json\/wp\/v2\/product"}],"about":[{"href":"https:\/\/adsmove.store\/de\/wp-json\/wp\/v2\/types\/product"}],"replies":[{"embeddable":true,"href":"https:\/\/adsmove.store\/de\/wp-json\/wp\/v2\/comments?post=144"}],"wp:featuredmedia":[{"embeddable":true,"href":"https:\/\/adsmove.store\/de\/wp-json\/wp\/v2\/media\/145"}],"wp:attachment":[{"href":"https:\/\/adsmove.store\/de\/wp-json\/wp\/v2\/media?parent=144"}],"wp:term":[{"taxonomy":"product_brand","embeddable":true,"href":"https:\/\/adsmove.store\/de\/wp-json\/wp\/v2\/product_brand?post=144"},{"taxonomy":"product_cat","embeddable":true,"href":"https:\/\/adsmove.store\/de\/wp-json\/wp\/v2\/product_cat?post=144"},{"taxonomy":"product_tag","embeddable":true,"href":"https:\/\/adsmove.store\/de\/wp-json\/wp\/v2\/product_tag?post=144"}],"curies":[{"name":"wp","href":"https:\/\/api.w.org\/{rel}","templated":true}]}}