{"id":146,"date":"2026-02-18T04:27:59","date_gmt":"2026-02-18T04:27:59","guid":{"rendered":"https:\/\/adsmove.store\/product\/online-cashflow-strategie-der-anfanger-leitfaden\/"},"modified":"2026-02-18T17:30:48","modified_gmt":"2026-02-18T17:30:48","slug":"online-cashflow-strategie-der-anfanger-leitfaden","status":"publish","type":"product","link":"https:\/\/adsmove.store\/de\/produkt\/online-cashflow-strategie-der-anfanger-leitfaden\/","title":{"rendered":"ONLINE &#8211; CASHFLOW &#8211; STRATEGIE, DER ANF\u00c4NGER LEITFADEN"},"content":{"rendered":"\n<p>\u23f0Nur noch kurze Zeit im Angebot.<\/p>\n\n\n\n<p>Beeile dich und sichere dir heute noch den Guide.<\/p>\n\n\n\n<p>&#8222;Digitales Marketing \/ &nbsp;Online &#8211; Cashflow &#8211; &nbsp;Strategie&#8220; bevor der Preis wieder steigt.<\/p>\n\n\n\n<p>In diesem Anf\u00e4nger-Leitfaden erfahrst du alles, was du brauchst, um dein eigenes digitales Marketingunternehmen von Grund auf zu starten und durch Strategie erfolgreich skalieren kannst.<\/p>\n\n\n\n<p>Es dient dir gleichzeitig als dein allererstes digitales Produkt, das du selbst verkaufen kannst. Oder nutze es als Erg\u00e4nzung zu deinem Produktportfolio, wenn du bereits dein Business gestartet hast, aber auf der Suche nach einer gro\u00dfartigen, preisg\u00fcnstigen Erg\u00e4nzung f\u00fcr deinen Shop bist!<\/p>\n\n\n\n<p>WAS IST ENTHALTEN?<\/p>\n\n\n\n<p>320 Seiten PACKED mit einer Schritt f\u00fcr Schritt-Strategie und allen Verkaufs-Geheimnissen, um deine Social Media Pr\u00e4senz (Faceless oder personal Branding) zu einem Sales-Katalysator werden zu lassen!<\/p>\n\n\n\n<figure class=\"wp-block-image size-large\"><img loading=\"lazy\" decoding=\"async\" width=\"1024\" height=\"488\" src=\"https:\/\/adsmove.store\/wp-content\/uploads\/2026\/02\/img_4252_1916833915311382873-1741111282-1024x488.webp\" alt=\"\" class=\"wp-image-121\" srcset=\"https:\/\/adsmove.store\/wp-content\/uploads\/2026\/02\/img_4252_1916833915311382873-1741111282-1024x488.webp 1024w, https:\/\/adsmove.store\/wp-content\/uploads\/2026\/02\/img_4252_1916833915311382873-1741111282-300x143.webp 300w, https:\/\/adsmove.store\/wp-content\/uploads\/2026\/02\/img_4252_1916833915311382873-1741111282-768x366.webp 768w, https:\/\/adsmove.store\/wp-content\/uploads\/2026\/02\/img_4252_1916833915311382873-1741111282-990x471.webp 990w, https:\/\/adsmove.store\/wp-content\/uploads\/2026\/02\/img_4252_1916833915311382873-1741111282-441x210.webp 441w, https:\/\/adsmove.store\/wp-content\/uploads\/2026\/02\/img_4252_1916833915311382873-1741111282-600x286.webp 600w, https:\/\/adsmove.store\/wp-content\/uploads\/2026\/02\/img_4252_1916833915311382873-1741111282-150x71.webp 150w, https:\/\/adsmove.store\/wp-content\/uploads\/2026\/02\/img_4252_1916833915311382873-1741111282.webp 1319w\" sizes=\"auto, (max-width: 1024px) 100vw, 1024px\" \/><\/figure>\n\n\n\n<p>Zus\u00e4tzlich enthalten sind 10 (!) Bonusse, die den Kaufpreis alleine schon \u00fcbertreffen<\/p>\n\n\n\n<p>BONUS:<\/p>\n\n\n\n<p>\u2022 CANVA LEITFADEN<\/p>\n\n\n\n<p>\u2022 INSTAGRAM-GUIDE<\/p>\n\n\n\n<p>\u2022 TIKTOK-GUIDE<\/p>\n\n\n\n<p>\u2022 FACELESS GUIDE<\/p>\n\n\n\n<figure class=\"wp-block-image size-large\"><img loading=\"lazy\" decoding=\"async\" width=\"1024\" height=\"450\" src=\"https:\/\/adsmove.store\/wp-content\/uploads\/2026\/02\/img_4253_18429254081393083580-1741111420-1024x450.webp\" alt=\"\" class=\"wp-image-122\" srcset=\"https:\/\/adsmove.store\/wp-content\/uploads\/2026\/02\/img_4253_18429254081393083580-1741111420-1024x450.webp 1024w, https:\/\/adsmove.store\/wp-content\/uploads\/2026\/02\/img_4253_18429254081393083580-1741111420-300x132.webp 300w, https:\/\/adsmove.store\/wp-content\/uploads\/2026\/02\/img_4253_18429254081393083580-1741111420-768x338.webp 768w, https:\/\/adsmove.store\/wp-content\/uploads\/2026\/02\/img_4253_18429254081393083580-1741111420-990x435.webp 990w, https:\/\/adsmove.store\/wp-content\/uploads\/2026\/02\/img_4253_18429254081393083580-1741111420-441x194.webp 441w, https:\/\/adsmove.store\/wp-content\/uploads\/2026\/02\/img_4253_18429254081393083580-1741111420-600x264.webp 600w, https:\/\/adsmove.store\/wp-content\/uploads\/2026\/02\/img_4253_18429254081393083580-1741111420-150x66.webp 150w, https:\/\/adsmove.store\/wp-content\/uploads\/2026\/02\/img_4253_18429254081393083580-1741111420.webp 1319w\" sizes=\"auto, (max-width: 1024px) 100vw, 1024px\" \/><\/figure>\n\n\n\n<p>(2s) EXTRA BONUS:<\/p>\n\n\n\n<p>\u2022 CHAT GPT PROMPT F\u00dcR 365 TAGE CONTENTPLAN<\/p>\n\n\n\n<p>\u2022 90 TAGE SOCIAL MEDIA CONTENT<\/p>\n\n\n\n<p>\u2022 200 HOOKS<\/p>\n\n\n\n<p>\u2022 30 REEL IDEEN<\/p>\n\n\n\n<p>\u2022 101 CTA&#8217;s<\/p>\n\n\n\n<p>\u2022 SOCIAL MEDIA PLANER<\/p>\n\n\n\n<figure class=\"wp-block-image size-large\"><img loading=\"lazy\" decoding=\"async\" width=\"1003\" height=\"1024\" src=\"https:\/\/adsmove.store\/wp-content\/uploads\/2026\/02\/img_4254_5817303051620637113-1741111349-1003x1024.webp\" alt=\"\" class=\"wp-image-123\" srcset=\"https:\/\/adsmove.store\/wp-content\/uploads\/2026\/02\/img_4254_5817303051620637113-1741111349-1003x1024.webp 1003w, https:\/\/adsmove.store\/wp-content\/uploads\/2026\/02\/img_4254_5817303051620637113-1741111349-294x300.webp 294w, https:\/\/adsmove.store\/wp-content\/uploads\/2026\/02\/img_4254_5817303051620637113-1741111349-768x784.webp 768w, https:\/\/adsmove.store\/wp-content\/uploads\/2026\/02\/img_4254_5817303051620637113-1741111349-990x1010.webp 990w, https:\/\/adsmove.store\/wp-content\/uploads\/2026\/02\/img_4254_5817303051620637113-1741111349-441x450.webp 441w, https:\/\/adsmove.store\/wp-content\/uploads\/2026\/02\/img_4254_5817303051620637113-1741111349-600x612.webp 600w, https:\/\/adsmove.store\/wp-content\/uploads\/2026\/02\/img_4254_5817303051620637113-1741111349-150x153.webp 150w, https:\/\/adsmove.store\/wp-content\/uploads\/2026\/02\/img_4254_5817303051620637113-1741111349.webp 1319w\" sizes=\"auto, (max-width: 1003px) 100vw, 1003px\" \/><\/figure>\n\n\n\n<p>WAS IST EBENFALLS ENTHALTEN:<\/p>\n\n\n\n<p>1. Mein Cheatcode um viral zu gehen und Reichweite sowie Umsatz mit meinen Videos zu generieren.<\/p>\n\n\n\n<p>2. Wie du dein Produkt launchst, um die MEISTEN Verk\u00e4ufe zu erzielen<\/p>\n\n\n\n<p>3. Exakte Marketing Tipps<\/p>\n\n\n\n<p>Hey ich bin Olga , alleinerziehende -Mama und ich konnte mit diesen Strategien in nur wenigen Wochen nach meinem Start ins Online Business im April 2024 bereits eine Reichweite sowie eine starke Community aufbauen, virale Reels erstellen und 5-Stelligen Umsatz generieren! Ich verspreche dir, auch du wirst mit diesem Leitfaden, Resilienz und Spa\u00df gro\u00dfartige Ergebnisse erzielen!<\/p>\n\n\n\n<p><\/p>\n","protected":false},"excerpt":{"rendered":"<p>\u23f0Nur noch kurze Zeit im Angebot. Beeile dich und sichere dir heute noch den Guide. &#8222;Digitales Marketing \/ &nbsp;Online &#8211; Cashflow &#8211; &nbsp;Strategie&#8220; bevor der Preis wieder steigt. In diesem Anf\u00e4nger-Leitfaden erfahrst du alles, was du brauchst, um dein eigenes digitales Marketingunternehmen von Grund auf zu starten und durch Strategie erfolgreich skalieren kannst. Es dient [&hellip;]<\/p>\n","protected":false},"featured_media":147,"comment_status":"open","ping_status":"closed","template":"","meta":[],"product_brand":[],"product_cat":[32],"product_tag":[],"class_list":{"0":"post-146","1":"product","2":"type-product","3":"status-publish","4":"has-post-thumbnail","6":"product_cat-uncategorized","8":"first","9":"instock","10":"sale","11":"downloadable","12":"virtual","13":"purchasable","14":"product-type-simple"},"yoast_head":"<!-- This site is optimized with the Yoast SEO plugin v27.1.1 - https:\/\/yoast.com\/product\/yoast-seo-wordpress\/ -->\n<title>ONLINE - CASHFLOW - STRATEGIE, DER ANF\u00c4NGER LEITFADEN - ADS movie<\/title>\n<meta name=\"robots\" content=\"index, follow, max-snippet:-1, max-image-preview:large, max-video-preview:-1\" \/>\n<link rel=\"canonical\" href=\"https:\/\/adsmove.store\/de\/produkt\/online-cashflow-strategie-der-anfanger-leitfaden\/\" \/>\n<meta property=\"og:locale\" content=\"de_DE\" \/>\n<meta property=\"og:type\" content=\"article\" \/>\n<meta property=\"og:title\" content=\"ONLINE - CASHFLOW - STRATEGIE, DER ANF\u00c4NGER LEITFADEN - ADS movie\" \/>\n<meta property=\"og:description\" content=\"\u23f0Nur noch kurze Zeit im Angebot. Beeile dich und sichere dir heute noch den Guide. &#8222;Digitales Marketing \/ &nbsp;Online &#8211; Cashflow &#8211; &nbsp;Strategie&#8220; bevor der Preis wieder steigt. In diesem Anf\u00e4nger-Leitfaden erfahrst du alles, was du brauchst, um dein eigenes digitales Marketingunternehmen von Grund auf zu starten und durch Strategie erfolgreich skalieren kannst. Es dient [&hellip;]\" \/>\n<meta property=\"og:url\" content=\"https:\/\/adsmove.store\/de\/produkt\/online-cashflow-strategie-der-anfanger-leitfaden\/\" \/>\n<meta property=\"og:site_name\" content=\"ADS movie\" \/>\n<meta property=\"article:modified_time\" content=\"2026-02-18T17:30:48+00:00\" \/>\n<meta property=\"og:image\" content=\"https:\/\/adsmove.store\/wp-content\/uploads\/2026\/02\/kopie-von-square-mockups-1080x1080px-_516410784699484394-1746599413.webp\" \/>\n\t<meta property=\"og:image:width\" content=\"1080\" \/>\n\t<meta property=\"og:image:height\" content=\"1080\" \/>\n\t<meta property=\"og:image:type\" content=\"image\/webp\" \/>\n<meta name=\"twitter:card\" content=\"summary_large_image\" \/>\n<meta name=\"twitter:label1\" content=\"Gesch\u00e4tzte Lesezeit\" \/>\n\t<meta name=\"twitter:data1\" content=\"1\u00a0Minute\" \/>\n<script type=\"application\/ld+json\" class=\"yoast-schema-graph\">{\"@context\":\"https:\/\/schema.org\",\"@graph\":[{\"@type\":\"WebPage\",\"@id\":\"https:\/\/adsmove.store\/de\/produkt\/online-cashflow-strategie-der-anfanger-leitfaden\/\",\"url\":\"https:\/\/adsmove.store\/de\/produkt\/online-cashflow-strategie-der-anfanger-leitfaden\/\",\"name\":\"ONLINE - CASHFLOW - STRATEGIE, DER ANF\u00c4NGER LEITFADEN - ADS movie\",\"isPartOf\":{\"@id\":\"https:\/\/adsmove.store\/de\/#website\"},\"primaryImageOfPage\":{\"@id\":\"https:\/\/adsmove.store\/de\/produkt\/online-cashflow-strategie-der-anfanger-leitfaden\/#primaryimage\"},\"image\":{\"@id\":\"https:\/\/adsmove.store\/de\/produkt\/online-cashflow-strategie-der-anfanger-leitfaden\/#primaryimage\"},\"thumbnailUrl\":\"https:\/\/adsmove.store\/wp-content\/uploads\/2026\/02\/kopie-von-square-mockups-1080x1080px-_516410784699484394-1746599413.webp\",\"datePublished\":\"2026-02-18T04:27:59+00:00\",\"dateModified\":\"2026-02-18T17:30:48+00:00\",\"breadcrumb\":{\"@id\":\"https:\/\/adsmove.store\/de\/produkt\/online-cashflow-strategie-der-anfanger-leitfaden\/#breadcrumb\"},\"inLanguage\":\"de\",\"potentialAction\":[{\"@type\":\"ReadAction\",\"target\":[\"https:\/\/adsmove.store\/de\/produkt\/online-cashflow-strategie-der-anfanger-leitfaden\/\"]}]},{\"@type\":\"ImageObject\",\"inLanguage\":\"de\",\"@id\":\"https:\/\/adsmove.store\/de\/produkt\/online-cashflow-strategie-der-anfanger-leitfaden\/#primaryimage\",\"url\":\"https:\/\/adsmove.store\/wp-content\/uploads\/2026\/02\/kopie-von-square-mockups-1080x1080px-_516410784699484394-1746599413.webp\",\"contentUrl\":\"https:\/\/adsmove.store\/wp-content\/uploads\/2026\/02\/kopie-von-square-mockups-1080x1080px-_516410784699484394-1746599413.webp\",\"width\":1080,\"height\":1080},{\"@type\":\"BreadcrumbList\",\"@id\":\"https:\/\/adsmove.store\/de\/produkt\/online-cashflow-strategie-der-anfanger-leitfaden\/#breadcrumb\",\"itemListElement\":[{\"@type\":\"ListItem\",\"position\":1,\"name\":\"Home\",\"item\":\"https:\/\/adsmove.store\/de\/adsmove\/\"},{\"@type\":\"ListItem\",\"position\":2,\"name\":\"Shop\",\"item\":\"https:\/\/adsmove.store\/de\/shop\/\"},{\"@type\":\"ListItem\",\"position\":3,\"name\":\"ONLINE &#8211; CASHFLOW &#8211; STRATEGIE, DER ANF\u00c4NGER LEITFADEN\"}]},{\"@type\":\"WebSite\",\"@id\":\"https:\/\/adsmove.store\/de\/#website\",\"url\":\"https:\/\/adsmove.store\/de\/\",\"name\":\"ADSmovie Store\",\"description\":\"ADS movie\",\"publisher\":{\"@id\":\"https:\/\/adsmove.store\/de\/#organization\"},\"potentialAction\":[{\"@type\":\"SearchAction\",\"target\":{\"@type\":\"EntryPoint\",\"urlTemplate\":\"https:\/\/adsmove.store\/de\/?s={search_term_string}\"},\"query-input\":{\"@type\":\"PropertyValueSpecification\",\"valueRequired\":true,\"valueName\":\"search_term_string\"}}],\"inLanguage\":\"de\"},{\"@type\":\"Organization\",\"@id\":\"https:\/\/adsmove.store\/de\/#organization\",\"name\":\"ADSmovie Store\",\"url\":\"https:\/\/adsmove.store\/de\/\",\"logo\":{\"@type\":\"ImageObject\",\"inLanguage\":\"de\",\"@id\":\"https:\/\/adsmove.store\/de\/#\/schema\/logo\/image\/\",\"url\":\"https:\/\/adsmove.store\/wp-content\/uploads\/2026\/03\/logo.v2.png\",\"contentUrl\":\"https:\/\/adsmove.store\/wp-content\/uploads\/2026\/03\/logo.v2.png\",\"width\":512,\"height\":512,\"caption\":\"ADSmovie Store\"},\"image\":{\"@id\":\"https:\/\/adsmove.store\/de\/#\/schema\/logo\/image\/\"}}]}<\/script>\n<!-- \/ Yoast SEO plugin. -->","yoast_head_json":{"title":"ONLINE - CASHFLOW - STRATEGIE, DER ANF\u00c4NGER LEITFADEN - ADS movie","robots":{"index":"index","follow":"follow","max-snippet":"max-snippet:-1","max-image-preview":"max-image-preview:large","max-video-preview":"max-video-preview:-1"},"canonical":"https:\/\/adsmove.store\/de\/produkt\/online-cashflow-strategie-der-anfanger-leitfaden\/","og_locale":"de_DE","og_type":"article","og_title":"ONLINE - CASHFLOW - STRATEGIE, DER ANF\u00c4NGER LEITFADEN - ADS movie","og_description":"\u23f0Nur noch kurze Zeit im Angebot. Beeile dich und sichere dir heute noch den Guide. &#8222;Digitales Marketing \/ &nbsp;Online &#8211; Cashflow &#8211; &nbsp;Strategie&#8220; bevor der Preis wieder steigt. In diesem Anf\u00e4nger-Leitfaden erfahrst du alles, was du brauchst, um dein eigenes digitales Marketingunternehmen von Grund auf zu starten und durch Strategie erfolgreich skalieren kannst. Es dient [&hellip;]","og_url":"https:\/\/adsmove.store\/de\/produkt\/online-cashflow-strategie-der-anfanger-leitfaden\/","og_site_name":"ADS movie","article_modified_time":"2026-02-18T17:30:48+00:00","og_image":[{"width":1080,"height":1080,"url":"https:\/\/adsmove.store\/wp-content\/uploads\/2026\/02\/kopie-von-square-mockups-1080x1080px-_516410784699484394-1746599413.webp","type":"image\/webp"}],"twitter_card":"summary_large_image","twitter_misc":{"Gesch\u00e4tzte Lesezeit":"1\u00a0Minute"},"schema":{"@context":"https:\/\/schema.org","@graph":[{"@type":"WebPage","@id":"https:\/\/adsmove.store\/de\/produkt\/online-cashflow-strategie-der-anfanger-leitfaden\/","url":"https:\/\/adsmove.store\/de\/produkt\/online-cashflow-strategie-der-anfanger-leitfaden\/","name":"ONLINE - CASHFLOW - STRATEGIE, DER ANF\u00c4NGER LEITFADEN - ADS movie","isPartOf":{"@id":"https:\/\/adsmove.store\/de\/#website"},"primaryImageOfPage":{"@id":"https:\/\/adsmove.store\/de\/produkt\/online-cashflow-strategie-der-anfanger-leitfaden\/#primaryimage"},"image":{"@id":"https:\/\/adsmove.store\/de\/produkt\/online-cashflow-strategie-der-anfanger-leitfaden\/#primaryimage"},"thumbnailUrl":"https:\/\/adsmove.store\/wp-content\/uploads\/2026\/02\/kopie-von-square-mockups-1080x1080px-_516410784699484394-1746599413.webp","datePublished":"2026-02-18T04:27:59+00:00","dateModified":"2026-02-18T17:30:48+00:00","breadcrumb":{"@id":"https:\/\/adsmove.store\/de\/produkt\/online-cashflow-strategie-der-anfanger-leitfaden\/#breadcrumb"},"inLanguage":"de","potentialAction":[{"@type":"ReadAction","target":["https:\/\/adsmove.store\/de\/produkt\/online-cashflow-strategie-der-anfanger-leitfaden\/"]}]},{"@type":"ImageObject","inLanguage":"de","@id":"https:\/\/adsmove.store\/de\/produkt\/online-cashflow-strategie-der-anfanger-leitfaden\/#primaryimage","url":"https:\/\/adsmove.store\/wp-content\/uploads\/2026\/02\/kopie-von-square-mockups-1080x1080px-_516410784699484394-1746599413.webp","contentUrl":"https:\/\/adsmove.store\/wp-content\/uploads\/2026\/02\/kopie-von-square-mockups-1080x1080px-_516410784699484394-1746599413.webp","width":1080,"height":1080},{"@type":"BreadcrumbList","@id":"https:\/\/adsmove.store\/de\/produkt\/online-cashflow-strategie-der-anfanger-leitfaden\/#breadcrumb","itemListElement":[{"@type":"ListItem","position":1,"name":"Home","item":"https:\/\/adsmove.store\/de\/adsmove\/"},{"@type":"ListItem","position":2,"name":"Shop","item":"https:\/\/adsmove.store\/de\/shop\/"},{"@type":"ListItem","position":3,"name":"ONLINE &#8211; CASHFLOW &#8211; STRATEGIE, DER ANF\u00c4NGER LEITFADEN"}]},{"@type":"WebSite","@id":"https:\/\/adsmove.store\/de\/#website","url":"https:\/\/adsmove.store\/de\/","name":"ADSmovie Store","description":"ADS movie","publisher":{"@id":"https:\/\/adsmove.store\/de\/#organization"},"potentialAction":[{"@type":"SearchAction","target":{"@type":"EntryPoint","urlTemplate":"https:\/\/adsmove.store\/de\/?s={search_term_string}"},"query-input":{"@type":"PropertyValueSpecification","valueRequired":true,"valueName":"search_term_string"}}],"inLanguage":"de"},{"@type":"Organization","@id":"https:\/\/adsmove.store\/de\/#organization","name":"ADSmovie Store","url":"https:\/\/adsmove.store\/de\/","logo":{"@type":"ImageObject","inLanguage":"de","@id":"https:\/\/adsmove.store\/de\/#\/schema\/logo\/image\/","url":"https:\/\/adsmove.store\/wp-content\/uploads\/2026\/03\/logo.v2.png","contentUrl":"https:\/\/adsmove.store\/wp-content\/uploads\/2026\/03\/logo.v2.png","width":512,"height":512,"caption":"ADSmovie Store"},"image":{"@id":"https:\/\/adsmove.store\/de\/#\/schema\/logo\/image\/"}}]}},"_links":{"self":[{"href":"https:\/\/adsmove.store\/de\/wp-json\/wp\/v2\/product\/146","targetHints":{"allow":["GET"]}}],"collection":[{"href":"https:\/\/adsmove.store\/de\/wp-json\/wp\/v2\/product"}],"about":[{"href":"https:\/\/adsmove.store\/de\/wp-json\/wp\/v2\/types\/product"}],"replies":[{"embeddable":true,"href":"https:\/\/adsmove.store\/de\/wp-json\/wp\/v2\/comments?post=146"}],"wp:featuredmedia":[{"embeddable":true,"href":"https:\/\/adsmove.store\/de\/wp-json\/wp\/v2\/media\/147"}],"wp:attachment":[{"href":"https:\/\/adsmove.store\/de\/wp-json\/wp\/v2\/media?parent=146"}],"wp:term":[{"taxonomy":"product_brand","embeddable":true,"href":"https:\/\/adsmove.store\/de\/wp-json\/wp\/v2\/product_brand?post=146"},{"taxonomy":"product_cat","embeddable":true,"href":"https:\/\/adsmove.store\/de\/wp-json\/wp\/v2\/product_cat?post=146"},{"taxonomy":"product_tag","embeddable":true,"href":"https:\/\/adsmove.store\/de\/wp-json\/wp\/v2\/product_tag?post=146"}],"curies":[{"name":"wp","href":"https:\/\/api.w.org\/{rel}","templated":true}]}}